{"id":19983,"date":"2017-01-29T22:53:15","date_gmt":"2017-01-29T21:53:15","guid":{"rendered":"http:\/\/www.duesseldorfer-toastmasters.de\/?page_id=19983"},"modified":"2019-11-17T13:41:56","modified_gmt":"2019-11-17T12:41:56","slug":"disclaimer","status":"publish","type":"page","link":"https:\/\/www.duesseldorfer-toastmasters.de\/en\/disclaimer\/","title":{"rendered":"Disclaimer"},"content":{"rendered":"<h2>Disclaimer<\/h2>\n<h3>Warranty<\/h3>\n<p>Die Inhalte unserer Seiten wurden mit gr\u00f6\u00dfter Sorgfalt erstellt. F\u00fcr die Richtigkeit, Vollst\u00e4ndigkeit und Aktualit\u00e4t der Inhalte k\u00f6nnen wir jedoch keine Gew\u00e4hr \u00fcbernehmen. Als Diensteanbieter sind wir gem\u00e4\u00df \u00a7 7 Abs.1 TMG f\u00fcr eigene Inhalte auf diesen Seiten nach den allgemeinen Gesetzen verantwortlich. Nach \u00a7\u00a7 8 bis 10 TMG sind wir als Diensteanbieter jedoch nicht verpflichtet, \u00fcbermittelte oder gespeicherte fremde Informationen zu \u00fcberwachen oder nach Umst\u00e4nden zu forschen, die auf eine rechtswidrige T\u00e4tigkeit hinweisen. Verpflichtungen zur Entfernung oder Sperrung der Nutzung von Informationen nach den allgemeinen Gesetzen bleiben hiervon unber\u00fchrt. Eine diesbez\u00fcgliche Haftung ist jedoch erst ab dem Zeitpunkt der Kenntnis einer konkreten Rechtsverletzung m\u00f6glich. Bei Bekanntwerden von entsprechenden Rechtsverletzungen werden wir diese Inhalte umgehend entfernen.<\/p>\n<h3>External Links<\/h3>\n<p>Unser Angebot enth\u00e4lt Links zu externen Webseiten, auf deren Inhalte wir keinen Einfluss haben. Deshalb k\u00f6nnen wir f\u00fcr diese fremden Inhalte auch keine Gew\u00e4hr \u00fcbernehmen. F\u00fcr die Inhalte der verlinkten Seiten ist stets der jeweilige Anbieter oder Betreiber der Seiten verantwortlich. Die verlinkten Seiten wurden zum Zeitpunkt der Verlinkung auf m\u00f6gliche Rechtsverst\u00f6\u00dfe \u00fcberpr\u00fcft. Rechtswidrige Inhalte waren zum Zeitpunkt der Verlinkung nicht erkennbar. Eine permanente inhaltliche Kontrolle der verlinkten Seiten ist jedoch ohne konkrete Anhaltspunkte<\/p>\n<p>einer Rechtsverletzung nicht zumutbar. Bei Bekanntwerden von Rechtsverletzungen werden wir derartige Links umgehend entfernen.<\/p>\n<p style=\"font-size: x-small;\">Quelle: eRecht24.de \u2013 Internetrecht von <a href=\"http:\/\/www.e-recht24.de\">Rechtsanwalt<\/a> S\u00f6ren Siebert<\/p>\n<h3>Hinweis zum Datenschutz<\/h3>\n<p style=\"font-size: x-small;\">Quelle \/ See more at: http:\/\/rechtsanwalt-schwenke.de\/piwik-als-alternative-zu-google-analytics-mit-datenschutzmuster\/<\/p>\n<p>&nbsp;<\/p>\n<p><strong>Englisch:<\/strong> This website uses Piwik, a web analytics open-source software. Piwik uses \u201ccookies\u201d, which are text files placed on your computer, to help the website analyze how users use the site. The information generated by the cookie about your use of the website (including your IP address anonymized prior to its storage) will be stored on the server of the service provider in Germany. You may refuse the use of cookies by selecting the appropriate settings on your browser, however please note that if you do this you may not be able to use the full functionality of this website.<\/p>\n<div id=\"stcpDiv\" style=\"position: absolute; top: -1999px; left: -1988px;\">\n<p><strong>Englisch:<\/strong><\/p>\n<blockquote><p><strong>This website uses <\/strong><a href=\"http:\/\/piwik.org\/\">Piwik<\/a>, a web analytics open-source software. Piwik uses \u201ccookies\u201d, which are text files placed on your computer, to help the website analyze how users use the site. The information generated by the cookie about your use of the website (<span style=\"color: #993300;\">including your IP address anonymized prior to its storage<\/span>) will be stored on the server of the service provider in <span style=\"color: #993300;\">Germany<\/span>. You may refuse the use of cookies by selecting the appropriate settings on your browser, however please note that if you do this you may not be able to use the full functionality of this website. <span style=\"color: #993300;\">[IFRAME mit Opt-Out Cookie entsprechend obiger Anleitung einsetzen]<\/span><\/p><\/blockquote>\n<p>&#8211; See more at: http:\/\/rechtsanwalt-schwenke.de\/piwik-als-alternative-zu-google-analytics-mit-datenschutzmuster\/#sthash.srTPNlcF.dpuf<\/p>\n<\/div>\n<div id=\"stcpDiv\" style=\"position: absolute; top: -1999px; left: -1988px;\">\n<p><strong>Deutsch:<\/strong><\/p>\n<blockquote><p><strong>Diese Website benutzt <\/strong><a href=\"http:\/\/piwik.org\/\">Piwik<\/a>, eine Open-Source-Software zur statistischen Auswertung der Besucherzugriffe. Piwik verwendet sog. \u201cCookies\u201d, Textdateien, die auf Ihrem Computer gespeichert werden und die eine Analyse der Benutzung der Website durch Sie erm\u00f6glichen. Die durch den Cookie erzeugten Informationen \u00fcber Ihre Benutzung dieses Internetangebotes werden auf dem <span style=\"color: #993300;\">Server des Anbieters in Deutschland <\/span>gespeichert. <span style=\"color: #993300;\">Die IP-Adresse wird sofort nach der Verarbeitung und vor deren Speicherung anonymisiert. <\/span>Sie k\u00f6nnen die Installation der Cookies durch eine entsprechende Einstellung Ihrer Browser-Software verhindern; wir weisen Sie jedoch darauf hin, dass Sie in diesem Fall gegebenenfalls nicht s\u00e4mtliche Funktionen dieser Website vollumf\u00e4nglich nutzen k\u00f6nnen. <span style=\"color: #993300;\">[IFRAME mit deutscher \u00dcbersetzung und Opt-Out Cookie entsprechend obiger Anleitung einsetzen]<\/span><\/p><\/blockquote>\n<p><strong>Englisch:<\/strong><\/p>\n<blockquote><p><strong>This website uses <\/strong><a href=\"http:\/\/piwik.org\/\">Piwik<\/a>, a web analytics open-source software. Piwik uses \u201ccookies\u201d, which are text files placed on your computer, to help the website analyze how users use the site. The information generated by the cookie about your use of the website (<span style=\"color: #993300;\">including your IP address anonymized prior to its storage<\/span>) will be stored on the server of the service provider in <span style=\"color: #993300;\">Germany<\/span>. You may refuse the use of cookies by selecting the appropriate settings on your browser, however please note that if you do this you may not be able to use the full functionality of this website. <span style=\"color: #993300;\">[IFRAME mit Opt-Out Cookie entsprechend obiger Anleitung einsetzen]<\/span><\/p><\/blockquote>\n<p>&#8211; See more at: http:\/\/rechtsanwalt-schwenke.de\/piwik-als-alternative-zu-google-analytics-mit-datenschutzmuster\/#sthash.srTPNlcF.dpuf<\/p>\n<\/div>\n<div id=\"stcpDiv\" style=\"position: absolute; top: -1999px; left: -1988px;\">\n<p><strong>Deutsch:<\/strong><\/p>\n<blockquote><p><strong>Diese Website benutzt <\/strong><a href=\"http:\/\/piwik.org\/\">Piwik<\/a>, eine Open-Source-Software zur statistischen Auswertung der Besucherzugriffe. Piwik verwendet sog. \u201cCookies\u201d, Textdateien, die auf Ihrem Computer gespeichert werden und die eine Analyse der Benutzung der Website durch Sie erm\u00f6glichen. Die durch den Cookie erzeugten Informationen \u00fcber Ihre Benutzung dieses Internetangebotes werden auf dem <span style=\"color: #993300;\">Server des Anbieters in Deutschland <\/span>gespeichert. <span style=\"color: #993300;\">Die IP-Adresse wird sofort nach der Verarbeitung und vor deren Speicherung anonymisiert. <\/span>Sie k\u00f6nnen die Installation der Cookies durch eine entsprechende Einstellung Ihrer Browser-Software verhindern; wir weisen Sie jedoch darauf hin, dass Sie in diesem Fall gegebenenfalls nicht s\u00e4mtliche Funktionen dieser Website vollumf\u00e4nglich nutzen k\u00f6nnen. <span style=\"color: #993300;\">[IFRAME mit deutscher \u00dcbersetzung und Opt-Out Cookie entsprechend obiger Anleitung einsetzen]<\/span><\/p><\/blockquote>\n<p><strong>Englisch:<\/strong><\/p>\n<blockquote><p><strong>This website uses <\/strong><a href=\"http:\/\/piwik.org\/\">Piwik<\/a>, a web analytics open-source software. Piwik uses \u201ccookies\u201d, which are text files placed on your computer, to help the website analyze how users use the site. The information generated by the cookie about your use of the website (<span style=\"color: #993300;\">including your IP address anonymized prior to its storage<\/span>) will be stored on the server of the service provider in <span style=\"color: #993300;\">Germany<\/span>. You may refuse the use of cookies by selecting the appropriate settings on your browser, however please note that if you do this you may not be able to use the full functionality of this website. <span style=\"color: #993300;\">[IFRAME mit Opt-Out Cookie entsprechend obiger Anleitung einsetzen]<\/span><\/p><\/blockquote>\n<p>&#8211; See more at: http:\/\/rechtsanwalt-schwenke.de\/piwik-als-alternative-zu-google-analytics-mit-datenschutzmuster\/#sthash.srTPNlcF.dpuf<\/p>\n<\/div>\n","protected":false},"excerpt":{"rendered":"<p>Disclaimer Warranty Die Inhalte unserer Seiten wurden mit gr\u00f6\u00dfter Sorgfalt erstellt. F\u00fcr die Richtigkeit, Vollst\u00e4ndigkeit und Aktualit\u00e4t der Inhalte k\u00f6nnen wir jedoch keine Gew\u00e4hr \u00fcbernehmen. Als Diensteanbieter sind wir gem\u00e4\u00df [&hellip;]<\/p>\n","protected":false},"author":1,"featured_media":0,"parent":0,"menu_order":0,"comment_status":"closed","ping_status":"closed","template":"","meta":{"_acf_changed":false,"footnotes":""},"acf":[],"jetpack_sharing_enabled":true,"_links":{"self":[{"href":"https:\/\/www.duesseldorfer-toastmasters.de\/en\/wp-json\/wp\/v2\/pages\/19983"}],"collection":[{"href":"https:\/\/www.duesseldorfer-toastmasters.de\/en\/wp-json\/wp\/v2\/pages"}],"about":[{"href":"https:\/\/www.duesseldorfer-toastmasters.de\/en\/wp-json\/wp\/v2\/types\/page"}],"author":[{"embeddable":true,"href":"https:\/\/www.duesseldorfer-toastmasters.de\/en\/wp-json\/wp\/v2\/users\/1"}],"replies":[{"embeddable":true,"href":"https:\/\/www.duesseldorfer-toastmasters.de\/en\/wp-json\/wp\/v2\/comments?post=19983"}],"version-history":[{"count":3,"href":"https:\/\/www.duesseldorfer-toastmasters.de\/en\/wp-json\/wp\/v2\/pages\/19983\/revisions"}],"predecessor-version":[{"id":1477134,"href":"https:\/\/www.duesseldorfer-toastmasters.de\/en\/wp-json\/wp\/v2\/pages\/19983\/revisions\/1477134"}],"wp:attachment":[{"href":"https:\/\/www.duesseldorfer-toastmasters.de\/en\/wp-json\/wp\/v2\/media?parent=19983"}],"curies":[{"name":"wp","href":"https:\/\/api.w.org\/{rel}","templated":true}]}}