{"id":19997,"date":"2017-01-29T23:20:52","date_gmt":"2017-01-29T22:20:52","guid":{"rendered":"http:\/\/www.duesseldorfer-toastmasters.de\/?page_id=19997"},"modified":"2022-07-15T18:42:05","modified_gmt":"2022-07-15T16:42:05","slug":"legal-notice","status":"publish","type":"page","link":"https:\/\/www.duesseldorfer-toastmasters.de\/en\/legal-notice\/","title":{"rendered":"Legal notice"},"content":{"rendered":"<h2>Angaben gem\u00e4\u00df \u00a7 5 TMG:<\/h2>\n<h3>Postadresse<\/h3>\n<p>D\u00fcsseldorfer Toastmasters e.V.\n\u2105 Malte W. Wilkes\nGermaniastrasse 20\n40223 D\u00fcsseldorf<\/p>\n<h3>Pr\u00e4sidiumsvorsitz<\/h3>\n<p>Gladys Just<\/p>\n<p><a href=\"https:\/\/www.duesseldorfer-toastmasters.de\/en\/contact\/\">Kontakt \u00fcber das Formular.<\/a><\/p>\n<h3>Vereinsregisternummer<\/h3>\n<p>VR 11139, Amtsgericht D\u00fcsseldorf\nDie K\u00f6rperschaft D\u00fcsseldorfer Toastmasters e. V. ist gemeinn\u00fctzig anerkannt und umsatzsteuerbefreit.<\/p>\n<h3>Redaktionell verantwortlich<\/h3>\n<p>Webmaster der D\u00fcsseldorfer Toastmasters\n<a href=\"https:\/\/www.duesseldorfer-toastmasters.de\/en\/contact\/\">Kontakt \u00fcber das Formular.<\/a><\/p>\n<h3>Bildnachweise<\/h3>\n<p>Portraits Pr\u00e4sidium: \u00a9 Christine Sommerfeldt\u00a0<a href=\"http:\/\/www.christine-sommerfeldt.de\/\" target=\"_blank\" rel=\"noopener noreferrer\">www.christine-sommerfeldt.de<\/a><\/p>\n<p><strong>Dieses Impressum gilt auch f\u00fcr Profile des Vereins in sozialen Netzwerk wie z. B. Facebook.<\/strong><\/p>\n","protected":false},"excerpt":{"rendered":"<p>Angaben gem\u00e4\u00df \u00a7 5 TMG: Postadresse D\u00fcsseldorfer Toastmasters e.V. \u2105 Malte W. Wilkes Germaniastrasse 20 40223 D\u00fcsseldorf Pr\u00e4sidiumsvorsitz Gladys Just Kontakt \u00fcber das Formular. Vereinsregisternummer VR 11139, Amtsgericht D\u00fcsseldorf Die [&hellip;]<\/p>\n","protected":false},"author":1,"featured_media":0,"parent":0,"menu_order":0,"comment_status":"closed","ping_status":"closed","template":"","meta":{"_acf_changed":false,"footnotes":""},"acf":[],"jetpack_sharing_enabled":true,"_links":{"self":[{"href":"https:\/\/www.duesseldorfer-toastmasters.de\/en\/wp-json\/wp\/v2\/pages\/19997"}],"collection":[{"href":"https:\/\/www.duesseldorfer-toastmasters.de\/en\/wp-json\/wp\/v2\/pages"}],"about":[{"href":"https:\/\/www.duesseldorfer-toastmasters.de\/en\/wp-json\/wp\/v2\/types\/page"}],"author":[{"embeddable":true,"href":"https:\/\/www.duesseldorfer-toastmasters.de\/en\/wp-json\/wp\/v2\/users\/1"}],"replies":[{"embeddable":true,"href":"https:\/\/www.duesseldorfer-toastmasters.de\/en\/wp-json\/wp\/v2\/comments?post=19997"}],"version-history":[{"count":9,"href":"https:\/\/www.duesseldorfer-toastmasters.de\/en\/wp-json\/wp\/v2\/pages\/19997\/revisions"}],"predecessor-version":[{"id":3057220,"href":"https:\/\/www.duesseldorfer-toastmasters.de\/en\/wp-json\/wp\/v2\/pages\/19997\/revisions\/3057220"}],"wp:attachment":[{"href":"https:\/\/www.duesseldorfer-toastmasters.de\/en\/wp-json\/wp\/v2\/media?parent=19997"}],"curies":[{"name":"wp","href":"https:\/\/api.w.org\/{rel}","templated":true}]}}